{"id":1906,"date":"2021-07-15T11:36:18","date_gmt":"2021-07-15T11:36:18","guid":{"rendered":"https:\/\/www.silecosmetics.fi\/?page_id=1906"},"modified":"2022-09-05T16:31:56","modified_gmt":"2022-09-05T16:31:56","slug":"retailers","status":"publish","type":"page","link":"https:\/\/old.silecosmetics.fi\/sv\/retailers\/","title":{"rendered":"retailers"},"content":{"rendered":"<div data-elementor-type=\"wp-page\" data-elementor-id=\"1906\" class=\"elementor elementor-1906\" data-elementor-post-type=\"page\">\n\t\t\t\t\t\t<div class=\"elementor-section elementor-top-section elementor-element elementor-element-e6fcc63 elementor-section-stretched elementor-section-height-min-height elementor-section-boxed elementor-section-height-default elementor-section-items-middle\" data-id=\"e6fcc63\" data-element_type=\"section\" data-settings=\"{&quot;stretch_section&quot;:&quot;section-stretched&quot;,&quot;background_background&quot;:&quot;classic&quot;}\">\n\t\t\t\t\t\t<div class=\"elementor-container elementor-column-gap-no\">\n\t\t\t\t\t<div class=\"elementor-column elementor-col-100 elementor-top-column elementor-element elementor-element-b93b62b\" data-id=\"b93b62b\" data-element_type=\"column\">\n\t\t\t<div class=\"elementor-widget-wrap elementor-element-populated\">\n\t\t\t\t\t\t<div class=\"elementor-element elementor-element-37d7d4d elementor-widget elementor-widget-heading\" data-id=\"37d7d4d\" data-element_type=\"widget\" data-widget_type=\"heading.default\">\n\t\t\t\t<div class=\"elementor-widget-container\">\n\t\t\t<h2 class=\"elementor-heading-title elementor-size-default\">V\u00e5r \u00e5terf\u00f6rs\u00e4ljare<\/h2>\t\t<\/div>\n\t\t\t\t<\/div>\n\t\t\t\t<div class=\"elementor-element elementor-element-0c74290 elementor-widget elementor-widget-heading\" data-id=\"0c74290\" data-element_type=\"widget\" data-widget_type=\"heading.default\">\n\t\t\t\t<div class=\"elementor-widget-container\">\n\t\t\t<div class=\"elementor-heading-title elementor-size-default\">Sile \u00e5terf\u00f6rs\u00e4ljare i Finland<\/div>\t\t<\/div>\n\t\t\t\t<\/div>\n\t\t\t\t\t<\/div>\n\t\t<\/div>\n\t\t\t\t\t<\/div>\n\t\t<\/div>\n\t\t\t\t<div class=\"elementor-section elementor-top-section elementor-element elementor-element-5eb3513 elementor-section-stretched elementor-section-content-middle elementor-section-boxed elementor-section-height-default elementor-section-height-default\" data-id=\"5eb3513\" data-element_type=\"section\" data-settings=\"{&quot;stretch_section&quot;:&quot;section-stretched&quot;}\">\n\t\t\t\t\t\t<div class=\"elementor-container elementor-column-gap-no\">\n\t\t\t\t\t<div class=\"elementor-column elementor-col-50 elementor-top-column elementor-element elementor-element-c15c1c8\" data-id=\"c15c1c8\" data-element_type=\"column\">\n\t\t\t<div class=\"elementor-widget-wrap elementor-element-populated\">\n\t\t\t\t\t\t<div class=\"elementor-element elementor-element-451c81d elementor-widget elementor-widget-spacer\" data-id=\"451c81d\" data-element_type=\"widget\" data-widget_type=\"spacer.default\">\n\t\t\t\t<div class=\"elementor-widget-container\">\n\t\t\t\t\t<div class=\"elementor-spacer\">\n\t\t\t<div class=\"elementor-spacer-inner\"><\/div>\n\t\t<\/div>\n\t\t\t\t<\/div>\n\t\t\t\t<\/div>\n\t\t\t\t<div class=\"elementor-element elementor-element-6b5bef1 elementor-absolute elementor-hidden-phone elementor-widget elementor-widget-spacer\" data-id=\"6b5bef1\" data-element_type=\"widget\" data-settings=\"{&quot;_position&quot;:&quot;absolute&quot;}\" data-widget_type=\"spacer.default\">\n\t\t\t\t<div class=\"elementor-widget-container\">\n\t\t\t\t\t<div class=\"elementor-spacer\">\n\t\t\t<div class=\"elementor-spacer-inner\"><\/div>\n\t\t<\/div>\n\t\t\t\t<\/div>\n\t\t\t\t<\/div>\n\t\t\t\t<div class=\"elementor-element elementor-element-5da673e elementor-widget elementor-widget-image\" data-id=\"5da673e\" data-element_type=\"widget\" data-widget_type=\"image.default\">\n\t\t\t\t<div class=\"elementor-widget-container\">\n\t\t\t\t\t\t\t\t\t\t\t\t\t<img fetchpriority=\"high\" decoding=\"async\" width=\"960\" height=\"1200\" src=\"https:\/\/i0.wp.com\/old.silecosmetics.fi\/wp-content\/uploads\/2021\/07\/sile_st6.jpg?fit=960%2C1200&amp;ssl=1\" class=\"attachment-full size-full wp-image-1895\" alt=\"\" srcset=\"https:\/\/i0.wp.com\/old.silecosmetics.fi\/wp-content\/uploads\/2021\/07\/sile_st6.jpg?w=960&amp;ssl=1 960w, https:\/\/i0.wp.com\/old.silecosmetics.fi\/wp-content\/uploads\/2021\/07\/sile_st6.jpg?resize=10%2C12&amp;ssl=1 10w\" sizes=\"(max-width: 960px) 100vw, 960px\" \/>\t\t\t\t\t\t\t\t\t\t\t\t\t<\/div>\n\t\t\t\t<\/div>\n\t\t\t\t<div class=\"elementor-element elementor-element-789208e elementor-widget elementor-widget-spacer\" data-id=\"789208e\" data-element_type=\"widget\" data-widget_type=\"spacer.default\">\n\t\t\t\t<div class=\"elementor-widget-container\">\n\t\t\t\t\t<div class=\"elementor-spacer\">\n\t\t\t<div class=\"elementor-spacer-inner\"><\/div>\n\t\t<\/div>\n\t\t\t\t<\/div>\n\t\t\t\t<\/div>\n\t\t\t\t\t<\/div>\n\t\t<\/div>\n\t\t\t\t<div class=\"elementor-column elementor-col-50 elementor-top-column elementor-element elementor-element-fe2cb27\" data-id=\"fe2cb27\" data-element_type=\"column\">\n\t\t\t<div class=\"elementor-widget-wrap elementor-element-populated\">\n\t\t\t\t\t\t<div class=\"elementor-element elementor-element-2e898b1 elementor-widget elementor-widget-heading\" data-id=\"2e898b1\" data-element_type=\"widget\" data-widget_type=\"heading.default\">\n\t\t\t\t<div class=\"elementor-widget-container\">\n\t\t\t<h2 class=\"elementor-heading-title elementor-size-default\">\u00c5terf\u00f6rs\u00e4ljare av Sil\u00e9<\/h2>\t\t<\/div>\n\t\t\t\t<\/div>\n\t\t\t\t<div class=\"elementor-element elementor-element-a36794e elementor-widget-divider--view-line_icon elementor-widget-divider--element-align-left elementor-view-default elementor-widget elementor-widget-divider\" data-id=\"a36794e\" data-element_type=\"widget\" data-widget_type=\"divider.default\">\n\t\t\t\t<div class=\"elementor-widget-container\">\n\t\t\t\t\t<div class=\"elementor-divider\">\n\t\t\t<span class=\"elementor-divider-separator\">\n\t\t\t\t\t\t\t<div class=\"elementor-icon elementor-divider__element\">\n\t\t\t\t\t<svg xmlns=\"http:\/\/www.w3.org\/2000\/svg\" width=\"24\" height=\"24\" viewbox=\"0 0 24 24\"><path fill=\"currentColor\" fill-rule=\"evenodd\" d=\"M22.208 15.849c-1.067 1.838-2.931 3.062-5.002 3.37a8.18 8.18 0 0 0 .278-.248l.038-.034a8.16 8.16 0 0 0 .344-.347c.034-.035.066-.072.098-.108a8.288 8.288 0 0 0 .333-.392c.072-.09.14-.182.208-.275l.087-.12c.09-.13.178-.262.26-.397l.006-.01c.085-.138.165-.281.24-.426.022-.04.042-.082.063-.123a8.494 8.494 0 0 0 .217-.467c.045-.107.087-.215.128-.323l.05-.137a8.04 8.04 0 0 0 .149-.462v-.004c.045-.157.084-.316.118-.476l.028-.145a7.296 7.296 0 0 0 .12-.86c.004-.052.01-.103.013-.154.01-.166.017-.333.017-.5 0-.12-.005-.244-.017-.372-.004-.042-.011-.087-.016-.13a5.182 5.182 0 0 0-.035-.264 5.559 5.559 0 0 0-.034-.168c-.016-.082-.03-.164-.051-.25-.014-.062-.033-.126-.05-.189-.022-.083-.043-.166-.069-.252-.02-.067-.044-.137-.066-.206-.028-.086-.055-.17-.086-.258-.026-.072-.055-.147-.083-.22a8.096 8.096 0 0 0-.103-.267c-.031-.077-.066-.156-.1-.234a8.908 8.908 0 0 0-.12-.276c-.036-.081-.076-.164-.115-.247a16.956 16.956 0 0 0-.573-1.113 23.062 23.062 0 0 0-.525-.906 34.817 34.817 0 0 0-1.021-1.588 41.411 41.411 0 0 0-.47-.677 53.667 53.667 0 0 0-.502-.7c-.03-.042-.058-.082-.089-.123 2.504-1.214 5.072-2.155 6.159-2.536.423 2.253 1.86 10.715.173 13.614m-9.733-2.337l-.95.31c.015.045 1.065 3.338.228 6.282a7.066 7.066 0 0 1-3.03-.779C6.427 18.118 5 15.775 5 13.211 5 11.5 6.48 8.62 9.28 4.886A67.071 67.071 0 0 1 12 1.506a67.16 67.16 0 0 1 2.72 3.38C17.52 8.621 19 11.5 19 13.211c0 .64-.089 1.268-.259 1.867a6.923 6.923 0 0 1-5.927 4.987c.763-3.111-.275-6.355-.34-6.553M1.792 15.85c-1.686-2.899-.25-11.36.173-13.614 1.087.381 3.655 1.322 6.158 2.536-.033.045-.063.089-.096.133L7.8 5.22l-.277.388-.208.298a40.237 40.237 0 0 0-1.263 1.938l-.208.35c-.05.085-.1.17-.147.253a22.951 22.951 0 0 0-.49.9c-.04.08-.082.16-.12.238-.052.104-.1.206-.148.308-.036.076-.073.152-.106.226-.046.1-.087.198-.13.296l-.091.216c-.039.095-.074.188-.109.281-.026.07-.054.14-.078.208-.032.091-.06.18-.09.27l-.063.195a7.23 7.23 0 0 0-.07.26l-.049.181c-.02.088-.036.172-.052.257-.01.054-.024.109-.033.162-.015.09-.025.178-.035.266-.005.042-.012.087-.016.128a4.241 4.241 0 0 0-.017.372c0 .167.007.334.017.5.003.051.009.103.013.154a7.644 7.644 0 0 0 .12.858l.028.147c.035.16.073.32.117.476l.004.01c.044.154.092.305.145.455l.053.14a7.671 7.671 0 0 0 .343.786c.021.042.041.085.063.126.076.144.155.287.24.425l.01.016c.081.133.167.263.256.391l.087.12a7.924 7.924 0 0 0 .542.669l.097.106c.111.12.226.236.345.348l.034.03c.092.086.186.17.282.252-2.071-.309-3.936-1.534-5.003-3.371M22.906 1.478L22.793.93l-.534.176c-.036.012-3.598 1.19-6.99 2.853A65.597 65.597 0 0 0 12.375.418L12 0l-.374.418A65.266 65.266 0 0 0 8.73 3.96C5.338 2.298 1.777 1.12 1.74 1.107L1.208.93l-.114.547C1 1.933-1.206 12.68.925 16.346c1.422 2.447 4.078 3.945 6.904 3.945.184 0 .37-.012.555-.025a8.104 8.104 0 0 0 3 .828 5.522 5.522 0 0 1-1.687 2.116l.606.79a6.616 6.616 0 0 0 2.18-2.894 8.116 8.116 0 0 0 3.133-.84c.185.013.37.025.555.025 2.826 0 5.482-1.498 6.904-3.945 2.131-3.665-.074-14.413-.169-14.868\"><\/path><\/svg><\/div>\n\t\t\t\t\t\t<\/span>\n\t\t<\/div>\n\t\t\t\t<\/div>\n\t\t\t\t<\/div>\n\t\t\t\t<div class=\"elementor-element elementor-element-26fa5f5 elementor-widget elementor-widget-text-editor\" data-id=\"26fa5f5\" data-element_type=\"widget\" data-widget_type=\"text-editor.default\">\n\t\t\t\t<div class=\"elementor-widget-container\">\n\t\t\t\t\t\t\t<div class=\"woocommerce-product-details__short-description\"><p><strong>SUOMI<\/strong><\/p><p>\u00a0<\/p><p><strong>Helsinki:<\/strong><\/p><\/div><p>Delgado Body \/ Body Correction Studio<\/p><p><span style=\"background-color: var(--theme-body-bg-color); color: var(--theme-body-font-color);\">T\u00f6\u00f6l\u00f6ntullinkatu 8, Helsinki<\/span><\/p><p>\u00a0<\/p><div class=\"woocommerce-product-details__short-description\"><p><strong>Tampere :<\/strong><br \/>Kauneushoitola Femi<br \/>Pyynikintori 8<br \/><a href=\"https:\/\/www.femi.fi\">www.femi.fi<\/a><\/p><p>\u00a0<\/p><p><strong>Vaasa:<\/strong><br \/>Comfort Salon<br \/>Pitk\u00e4katu 15<br \/><a href=\"https:\/\/www.comfortsalon.fi\">www.comfortsalon.fi <\/a><\/p><\/div><p><strong>Kokkola:<\/strong><br \/>Kauneuskeskus Femi<br \/>Pitk\u00e4nsillankatu 20b<\/p><p>\u00a0<\/p><div class=\"woocommerce-product-details__short-description\"><strong>Nummela:<\/strong><\/div><div>\u00a0<\/div><div>Kauneushoitola Fredos<\/div><div>Vihdintie 11<\/div><div>www.fredos.fi<\/div><p>\u00a0<\/p><div>\u00a0<\/div><div><strong>SPAIN<\/strong><\/div><div>\u00a0<\/div><div><strong>Maalaga, Fuengirola<\/strong><br \/><strong><br \/><\/strong><\/div><div><b>Glow Beauty Los Boliches<\/b><\/div><div>Av nuestro padre Jesus cautivo 40,<\/div><div>www.glowbeauty.es<\/div><div>\u00a0<\/div><div><strong>Glow Beauty Paseo Maritimo<\/strong><\/div><div>Paseo maritimo 53,<\/div><div>Edifizio Niza<\/div><div>www.glowbeauty.es<\/div><div>\u00a0<\/div>\t\t\t\t\t\t<\/div>\n\t\t\t\t<\/div>\n\t\t\t\t<div class=\"elementor-element elementor-element-9e1bd79 elementor-widget elementor-widget-text-editor\" data-id=\"9e1bd79\" data-element_type=\"widget\" data-widget_type=\"text-editor.default\">\n\t\t\t\t<div class=\"elementor-widget-container\">\n\t\t\t\t\t\t\t<p>V\u00e5ra \u00e5terf\u00f6rs\u00e4ljare \u00e4r ocks\u00e5 experter p\u00e5 v\u00e5ra produkter, s\u00e5 du kan ocks\u00e5 be dem om r\u00e5d och v\u00e4gledning om v\u00e5ra produkter.<\/p>\t\t\t\t\t\t<\/div>\n\t\t\t\t<\/div>\n\t\t\t\t\t<\/div>\n\t\t<\/div>\n\t\t\t\t\t<\/div>\n\t\t<\/div>\n\t\t\t\t<div class=\"elementor-section elementor-top-section elementor-element elementor-element-676e53d elementor-section-stretched elementor-section-content-middle elementor-section-boxed elementor-section-height-default elementor-section-height-default\" data-id=\"676e53d\" data-element_type=\"section\" data-settings=\"{&quot;stretch_section&quot;:&quot;section-stretched&quot;,&quot;background_background&quot;:&quot;classic&quot;}\">\n\t\t\t\t\t\t<div class=\"elementor-container elementor-column-gap-no\">\n\t\t\t\t\t<div class=\"elementor-column elementor-col-50 elementor-top-column elementor-element elementor-element-c23a3bb\" data-id=\"c23a3bb\" data-element_type=\"column\">\n\t\t\t<div class=\"elementor-widget-wrap elementor-element-populated\">\n\t\t\t\t\t\t<div class=\"elementor-element elementor-element-2ddd9e2 elementor-widget elementor-widget-heading\" data-id=\"2ddd9e2\" data-element_type=\"widget\" data-widget_type=\"heading.default\">\n\t\t\t\t<div class=\"elementor-widget-container\">\n\t\t\t<h2 class=\"elementor-heading-title elementor-size-default\">Vill du bli v\u00e5r \u00e5terf\u00f6rs\u00e4ljare?<\/h2>\t\t<\/div>\n\t\t\t\t<\/div>\n\t\t\t\t<div class=\"elementor-element elementor-element-3327f7b elementor-widget elementor-widget-text-editor\" data-id=\"3327f7b\" data-element_type=\"widget\" data-widget_type=\"text-editor.default\">\n\t\t\t\t<div class=\"elementor-widget-container\">\n\t\t\t\t\t\t\t<p>V\u00e5rt \u00e5terf\u00f6rs\u00e4ljarn\u00e4tverk v\u00e4xer snabbt - vi kan bara samarbeta med ett begr\u00e4nsat antal \u00e5terf\u00f6rs\u00e4ljare, s\u00e5 agera snabbt!<\/p>\t\t\t\t\t\t<\/div>\n\t\t\t\t<\/div>\n\t\t\t\t\t<\/div>\n\t\t<\/div>\n\t\t\t\t<div class=\"elementor-column elementor-col-50 elementor-top-column elementor-element elementor-element-9caa1c7\" data-id=\"9caa1c7\" data-element_type=\"column\">\n\t\t\t<div class=\"elementor-widget-wrap elementor-element-populated\">\n\t\t\t\t\t\t<div class=\"elementor-element elementor-element-560b659 elementor-align-right elementor-tablet-align-center elementor-widget elementor-widget-button\" data-id=\"560b659\" data-element_type=\"widget\" data-widget_type=\"button.default\">\n\t\t\t\t<div class=\"elementor-widget-container\">\n\t\t\t\t\t<div class=\"elementor-button-wrapper\">\n\t\t\t<a class=\"elementor-button elementor-button-link elementor-size-sm\" href=\"https:\/\/www.silecosmetics.fi\/contact-us\/\">\n\t\t\t\t\t\t<span class=\"elementor-button-content-wrapper\">\n\t\t\t\t\t\t<span class=\"elementor-button-text\">Click here<\/span>\n\t\t<\/span>\n\t\t\t\t\t<\/a>\n\t\t<\/div>\n\t\t\t\t<\/div>\n\t\t\t\t<\/div>\n\t\t\t\t\t<\/div>\n\t\t<\/div>\n\t\t\t\t\t<\/div>\n\t\t<\/div>\n\t\t\t\t<\/div>","protected":false},"excerpt":{"rendered":"<p>Retailers Dealers of our products Sil\u00e9 Retailers &nbsp; SUOMI Helsinki: Delgado Body \/ Body Correction Studio T\u00f6\u00f6l\u00f6ntullinkatu 8, Helsinki Tampere : Kauneushoitola Femi Pyynikintori 8 [&hellip;]<\/p>","protected":false},"author":2,"featured_media":0,"parent":0,"menu_order":0,"comment_status":"closed","ping_status":"closed","template":"","meta":{"footnotes":""},"yoast_head":"<!-- This site is optimized with the Yoast SEO plugin v22.1 - https:\/\/yoast.com\/wordpress\/plugins\/seo\/ -->\n<title>J\u00c4LLEENMYYJ\u00c4T - Sil&eacute; Cosmetics<\/title>\n<meta name=\"description\" content=\"Tule j\u00e4lleenmyyj\u00e4ksemme - kysy lis\u00e4\u00e4.\" \/>\n<meta name=\"robots\" content=\"noindex, follow, max-snippet:-1, max-image-preview:large, max-video-preview:-1\" \/>\n<meta property=\"og:locale\" content=\"sv_SE\" \/>\n<meta property=\"og:type\" content=\"article\" \/>\n<meta property=\"og:title\" content=\"J\u00c4LLEENMYYJ\u00c4T - Sil&eacute; Cosmetics\" \/>\n<meta property=\"og:description\" content=\"Tule j\u00e4lleenmyyj\u00e4ksemme - kysy lis\u00e4\u00e4.\" \/>\n<meta property=\"og:url\" content=\"https:\/\/old.silecosmetics.fi\/sv\/retailers\/\" \/>\n<meta property=\"og:site_name\" content=\"Sil&eacute; Cosmetics\" \/>\n<meta property=\"article:publisher\" content=\"https:\/\/www.facebook.com\/SILECOSMETICS\/\" \/>\n<meta property=\"article:modified_time\" content=\"2022-09-05T16:31:56+00:00\" \/>\n<meta property=\"og:image\" content=\"https:\/\/www.silecosmetics.fi\/wp-content\/uploads\/2021\/07\/sile_st6.jpg\" \/>\n<meta name=\"twitter:card\" content=\"summary_large_image\" \/>\n<meta name=\"twitter:label1\" content=\"Ber\u00e4knad l\u00e4stid\" \/>\n\t<meta name=\"twitter:data1\" content=\"1 minut\" \/>\n<script type=\"application\/ld+json\" class=\"yoast-schema-graph\">{\"@context\":\"https:\/\/schema.org\",\"@graph\":[{\"@type\":\"WebPage\",\"@id\":\"https:\/\/old.silecosmetics.fi\/retailers\/\",\"url\":\"https:\/\/old.silecosmetics.fi\/retailers\/\",\"name\":\"J\u00c4LLEENMYYJ\u00c4T - Sil&eacute; Cosmetics\",\"isPartOf\":{\"@id\":\"https:\/\/old.silecosmetics.fi\/fi\/#website\"},\"datePublished\":\"2021-07-15T11:36:18+00:00\",\"dateModified\":\"2022-09-05T16:31:56+00:00\",\"description\":\"Tule j\u00e4lleenmyyj\u00e4ksemme - kysy lis\u00e4\u00e4.\",\"breadcrumb\":{\"@id\":\"https:\/\/old.silecosmetics.fi\/retailers\/#breadcrumb\"},\"inLanguage\":\"sv-SE\",\"potentialAction\":[{\"@type\":\"ReadAction\",\"target\":[\"https:\/\/old.silecosmetics.fi\/retailers\/\"]}]},{\"@type\":\"BreadcrumbList\",\"@id\":\"https:\/\/old.silecosmetics.fi\/retailers\/#breadcrumb\",\"itemListElement\":[{\"@type\":\"ListItem\",\"position\":1,\"name\":\"Etusivu\",\"item\":\"https:\/\/old.silecosmetics.fi\/fi\/\"},{\"@type\":\"ListItem\",\"position\":2,\"name\":\"retailers\"}]},{\"@type\":\"WebSite\",\"@id\":\"https:\/\/old.silecosmetics.fi\/fi\/#website\",\"url\":\"https:\/\/old.silecosmetics.fi\/fi\/\",\"name\":\"Sil&eacute; Cosmetics\",\"description\":\"Premium Natural Skincare\",\"publisher\":{\"@id\":\"https:\/\/old.silecosmetics.fi\/fi\/#organization\"},\"potentialAction\":[{\"@type\":\"SearchAction\",\"target\":{\"@type\":\"EntryPoint\",\"urlTemplate\":\"https:\/\/old.silecosmetics.fi\/fi\/?s={search_term_string}\"},\"query-input\":\"required name=search_term_string\"}],\"inLanguage\":\"sv-SE\"},{\"@type\":\"Organization\",\"@id\":\"https:\/\/old.silecosmetics.fi\/fi\/#organization\",\"name\":\"SIL\u00c8 COSMETICS\",\"url\":\"https:\/\/old.silecosmetics.fi\/fi\/\",\"logo\":{\"@type\":\"ImageObject\",\"inLanguage\":\"sv-SE\",\"@id\":\"https:\/\/old.silecosmetics.fi\/fi\/#\/schema\/logo\/image\/\",\"url\":\"https:\/\/www.silecosmetics.fi\/wp-content\/uploads\/2019\/12\/weblogo_sile.png\",\"contentUrl\":\"https:\/\/www.silecosmetics.fi\/wp-content\/uploads\/2019\/12\/weblogo_sile.png\",\"width\":300,\"height\":300,\"caption\":\"SIL\u00c8 COSMETICS\"},\"image\":{\"@id\":\"https:\/\/old.silecosmetics.fi\/fi\/#\/schema\/logo\/image\/\"},\"sameAs\":[\"https:\/\/www.facebook.com\/SILECOSMETICS\/\",\"https:\/\/www.instagram.com\/silecosmetics\/?hl=fi\",\"https:\/\/www.youtube.com\/silecosmetics\"]}]}<\/script>\n<!-- \/ Yoast SEO plugin. -->","yoast_head_json":{"title":"J\u00c4LLEENMYYJ\u00c4T - Sil&eacute; Cosmetics","description":"Tule j\u00e4lleenmyyj\u00e4ksemme - kysy lis\u00e4\u00e4.","robots":{"index":"noindex","follow":"follow","max-snippet":"max-snippet:-1","max-image-preview":"max-image-preview:large","max-video-preview":"max-video-preview:-1"},"og_locale":"sv_SE","og_type":"article","og_title":"J\u00c4LLEENMYYJ\u00c4T - Sil&eacute; Cosmetics","og_description":"Tule j\u00e4lleenmyyj\u00e4ksemme - kysy lis\u00e4\u00e4.","og_url":"https:\/\/old.silecosmetics.fi\/sv\/retailers\/","og_site_name":"Sil&eacute; Cosmetics","article_publisher":"https:\/\/www.facebook.com\/SILECOSMETICS\/","article_modified_time":"2022-09-05T16:31:56+00:00","og_image":[{"url":"https:\/\/www.silecosmetics.fi\/wp-content\/uploads\/2021\/07\/sile_st6.jpg"}],"twitter_card":"summary_large_image","twitter_misc":{"Ber\u00e4knad l\u00e4stid":"1 minut"},"schema":{"@context":"https:\/\/schema.org","@graph":[{"@type":"WebPage","@id":"https:\/\/old.silecosmetics.fi\/retailers\/","url":"https:\/\/old.silecosmetics.fi\/retailers\/","name":"J\u00c4LLEENMYYJ\u00c4T - Sil&eacute; Cosmetics","isPartOf":{"@id":"https:\/\/old.silecosmetics.fi\/fi\/#website"},"datePublished":"2021-07-15T11:36:18+00:00","dateModified":"2022-09-05T16:31:56+00:00","description":"Tule j\u00e4lleenmyyj\u00e4ksemme - kysy lis\u00e4\u00e4.","breadcrumb":{"@id":"https:\/\/old.silecosmetics.fi\/retailers\/#breadcrumb"},"inLanguage":"sv-SE","potentialAction":[{"@type":"ReadAction","target":["https:\/\/old.silecosmetics.fi\/retailers\/"]}]},{"@type":"BreadcrumbList","@id":"https:\/\/old.silecosmetics.fi\/retailers\/#breadcrumb","itemListElement":[{"@type":"ListItem","position":1,"name":"Etusivu","item":"https:\/\/old.silecosmetics.fi\/fi\/"},{"@type":"ListItem","position":2,"name":"retailers"}]},{"@type":"WebSite","@id":"https:\/\/old.silecosmetics.fi\/fi\/#website","url":"https:\/\/old.silecosmetics.fi\/fi\/","name":"Sil&eacute; Cosmetics","description":"Premium Natural Skincare","publisher":{"@id":"https:\/\/old.silecosmetics.fi\/fi\/#organization"},"potentialAction":[{"@type":"SearchAction","target":{"@type":"EntryPoint","urlTemplate":"https:\/\/old.silecosmetics.fi\/fi\/?s={search_term_string}"},"query-input":"required name=search_term_string"}],"inLanguage":"sv-SE"},{"@type":"Organization","@id":"https:\/\/old.silecosmetics.fi\/fi\/#organization","name":"SIL\u00c8 COSMETICS","url":"https:\/\/old.silecosmetics.fi\/fi\/","logo":{"@type":"ImageObject","inLanguage":"sv-SE","@id":"https:\/\/old.silecosmetics.fi\/fi\/#\/schema\/logo\/image\/","url":"https:\/\/www.silecosmetics.fi\/wp-content\/uploads\/2019\/12\/weblogo_sile.png","contentUrl":"https:\/\/www.silecosmetics.fi\/wp-content\/uploads\/2019\/12\/weblogo_sile.png","width":300,"height":300,"caption":"SIL\u00c8 COSMETICS"},"image":{"@id":"https:\/\/old.silecosmetics.fi\/fi\/#\/schema\/logo\/image\/"},"sameAs":["https:\/\/www.facebook.com\/SILECOSMETICS\/","https:\/\/www.instagram.com\/silecosmetics\/?hl=fi","https:\/\/www.youtube.com\/silecosmetics"]}]}},"_links":{"self":[{"href":"https:\/\/old.silecosmetics.fi\/sv\/wp-json\/wp\/v2\/pages\/1906"}],"collection":[{"href":"https:\/\/old.silecosmetics.fi\/sv\/wp-json\/wp\/v2\/pages"}],"about":[{"href":"https:\/\/old.silecosmetics.fi\/sv\/wp-json\/wp\/v2\/types\/page"}],"author":[{"embeddable":true,"href":"https:\/\/old.silecosmetics.fi\/sv\/wp-json\/wp\/v2\/users\/2"}],"replies":[{"embeddable":true,"href":"https:\/\/old.silecosmetics.fi\/sv\/wp-json\/wp\/v2\/comments?post=1906"}],"version-history":[{"count":0,"href":"https:\/\/old.silecosmetics.fi\/sv\/wp-json\/wp\/v2\/pages\/1906\/revisions"}],"wp:attachment":[{"href":"https:\/\/old.silecosmetics.fi\/sv\/wp-json\/wp\/v2\/media?parent=1906"}],"curies":[{"name":"wp","href":"https:\/\/api.w.org\/{rel}","templated":true}]}}